{"id":1383,"date":"2014-12-16T11:07:38","date_gmt":"2014-12-16T11:07:38","guid":{"rendered":"http:\/\/www.dentalmedicalart.com\/?page_id=1383"},"modified":"2022-08-23T15:45:30","modified_gmt":"2022-08-23T15:45:30","slug":"offerte","status":"publish","type":"page","link":"https:\/\/www.dentalmedicalart.com\/de\/offerte","title":{"rendered":"Konventionen"},"content":{"rendered":"<div class=\"fusion-fullwidth fullwidth-box fusion-builder-row-1 nonhundred-percent-fullwidth non-hundred-percent-height-scrolling\" style=\"background-color: rgba(255,255,255,0);background-position: center center;background-repeat: no-repeat;padding-top:0px;padding-right:0px;padding-bottom:0px;padding-left:0px;margin-bottom: 0px;margin-top: 0px;border-width: 0px 0px 0px 0px;border-color:#eae9e9;border-style:solid;\" ><div class=\"fusion-builder-row fusion-row\"><div class=\"fusion-layout-column fusion_builder_column fusion-builder-column-0 fusion_builder_column_3_4 3_4 fusion-three-fourth fusion-column-first\" style=\"width:74%; margin-right: 4%;margin-top:0px;margin-bottom:0px;\"><div class=\"fusion-column-wrapper fusion-flex-column-wrapper-legacy\" style=\"background-position:left top;background-repeat:no-repeat;-webkit-background-size:cover;-moz-background-size:cover;-o-background-size:cover;background-size:cover;padding: 0px 0px 0px 0px;\"><div class=\"fusion-text fusion-text-1\"><p>In unserer Firma k\u00f6nnen Unternehmen und Einzelpersonen nach Absprache mit der Verwaltung Rabatte von bis zu 10 % f\u00fcr Mitarbeiter und\/oder Partner vereinbaren. Es gibt zahlreiche von uns beantragte Erleichterungen, bei denen unser Studio dank Vereinbarungen und einer \u00dcbereinkunft mit der Finanzgesellschaft Compass bis zu maximal 30 Raten die Zinskosten erm\u00e4\u00dfigt.<\/p>\n<\/div><div class=\"fusion-text fusion-text-2\"><p>Einige Unternehmen, die eine Vereinbarung mit uns haben:<\/p>\n<\/div><div class=\"fusion-clearfix\"><\/div><\/div><\/div><div class=\"fusion-layout-column fusion_builder_column fusion-builder-column-1 fusion_builder_column_1_4 1_4 fusion-one-fourth fusion-column-last\" style=\"width:22%;margin-top:0px;margin-bottom:0px;\"><div class=\"fusion-column-wrapper fusion-flex-column-wrapper-legacy\" style=\"background-position:left top;background-repeat:no-repeat;-webkit-background-size:cover;-moz-background-size:cover;-o-background-size:cover;background-size:cover;padding: 0px 0px 0px 0px;\"><span class=\" fusion-imageframe imageframe-none imageframe-1 hover-type-none\"><img decoding=\"async\" width=\"280\" height=\"59\" title=\"compass-logo\" src=\"https:\/\/www.dentalmedicalart.com\/wp-content\/uploads\/compass-logo.png\" alt class=\"img-responsive wp-image-1946\" srcset=\"https:\/\/www.dentalmedicalart.com\/wp-content\/uploads\/compass-logo-200x42.png 200w, https:\/\/www.dentalmedicalart.com\/wp-content\/uploads\/compass-logo.png 280w\" sizes=\"(max-width: 800px) 100vw, 280px\" \/><\/span><div class=\"fusion-clearfix\"><\/div><\/div><\/div><div class=\"fusion-layout-column fusion_builder_column fusion-builder-column-2 fusion_builder_column_1_3 1_3 fusion-one-third fusion-column-first\" style=\"width:33.333333333333%;width:calc(33.333333333333% - ( ( 4% + 4% ) * 0.33333333333333 ) );margin-right: 4%;margin-top:0px;margin-bottom:20px;\"><div class=\"fusion-column-wrapper fusion-flex-column-wrapper-legacy\" style=\"background-position:left top;background-repeat:no-repeat;-webkit-background-size:cover;-moz-background-size:cover;-o-background-size:cover;background-size:cover;padding: 0px 0px 0px 0px;\"><div class=\"fusion-text fusion-text-3\"><p style=\"text-align: center;\"><strong>Agevolazioni per soci Cesare Pozzo<\/strong><\/p>\n<\/div><div class=\"imageframe-align-center\"><span class=\" fusion-imageframe imageframe-none imageframe-2 hover-type-none\"><img decoding=\"async\" width=\"300\" height=\"99\" title=\"agevolazioni-convenzioni-cesare-pozzo\" src=\"http:\/\/www.dentalmedicalart.com\/wp-content\/uploads\/2012\/12\/logo_cesarepozzo-300x99.jpg\" alt class=\"img-responsive wp-image-1765\"\/><\/span><\/div><div class=\"fusion-clearfix\"><\/div><\/div><\/div><div class=\"fusion-layout-column fusion_builder_column fusion-builder-column-3 fusion_builder_column_1_3 1_3 fusion-one-third\" style=\"width:33.333333333333%;width:calc(33.333333333333% - ( ( 4% + 4% ) * 0.33333333333333 ) );margin-right: 4%;margin-top:0px;margin-bottom:20px;\"><div class=\"fusion-column-wrapper fusion-flex-column-wrapper-legacy\" style=\"background-position:left top;background-repeat:no-repeat;-webkit-background-size:cover;-moz-background-size:cover;-o-background-size:cover;background-size:cover;padding: 0px 0px 0px 0px;\"><div class=\"fusion-text fusion-text-4\"><p style=\"text-align: center;\"><strong>Agevolazioni per soci UniSalute<\/strong><\/p>\n<\/div><div class=\"imageframe-align-center\"><span class=\" fusion-imageframe imageframe-none imageframe-3 hover-type-none\"><img decoding=\"async\" width=\"262\" height=\"109\" title=\"agevolazioni-unisalute-dental-medical-art\" src=\"http:\/\/www.dentalmedicalart.com\/wp-content\/uploads\/2013\/03\/unisalute-dental-medical-art.png\" alt class=\"img-responsive wp-image-1770\"\/><\/span><\/div><div class=\"fusion-clearfix\"><\/div><\/div><\/div><div class=\"fusion-layout-column fusion_builder_column fusion-builder-column-4 fusion_builder_column_1_3 1_3 fusion-one-third fusion-column-last\" style=\"width:33.333333333333%;width:calc(33.333333333333% - ( ( 4% + 4% ) * 0.33333333333333 ) );margin-top:0px;margin-bottom:20px;\"><div class=\"fusion-column-wrapper fusion-flex-column-wrapper-legacy\" style=\"background-position:left top;background-repeat:no-repeat;-webkit-background-size:cover;-moz-background-size:cover;-o-background-size:cover;background-size:cover;padding: 0px 0px 0px 0px;\"><div class=\"fusion-text fusion-text-5\"><p style=\"text-align: center;\"><strong>Agevolazioni per soci ADVstudio<\/strong><\/p>\n<\/div><div class=\"imageframe-align-center\"><span class=\" fusion-imageframe imageframe-none imageframe-4 hover-type-none\"><img decoding=\"async\" width=\"179\" height=\"141\" title=\"web-design-bolzano-agenzia-marketing-merano-hotel-bressanone-pubblicita-alto-adige-creazione-siti-web-laives-grafica-lana-flyer-brunico-banche-gestionali-logo-normale\" src=\"https:\/\/www.dentalmedicalart.com\/wp-content\/uploads\/web-design-bolzano-agenzia-marketing-merano-hotel-bressanone-pubblicita-alto-adige-creazione-siti-web-laives-grafica-lana-flyer-brunico-banche-gestionali-logo-normale.png\" alt class=\"img-responsive wp-image-1822\"\/><\/span><\/div><div class=\"fusion-clearfix\"><\/div><\/div><\/div><div class=\"fusion-layout-column fusion_builder_column fusion-builder-column-5 fusion_builder_column_1_3 1_3 fusion-one-third fusion-column-first\" style=\"width:33.333333333333%;width:calc(33.333333333333% - ( ( 4% + 4% ) * 0.33333333333333 ) );margin-right: 4%;margin-top:0px;margin-bottom:20px;\"><div class=\"fusion-column-wrapper fusion-flex-column-wrapper-legacy\" style=\"background-position:left top;background-repeat:no-repeat;-webkit-background-size:cover;-moz-background-size:cover;-o-background-size:cover;background-size:cover;padding: 0px 0px 0px 0px;\"><div class=\"fusion-text fusion-text-6\"><p style=\"text-align: center;\"><strong>Agevolazioni per operatori della sicurezza ed Esercito Italiano<\/strong><\/p>\n<\/div><div class=\"imageframe-align-center\"><span class=\" fusion-imageframe imageframe-none imageframe-5 hover-type-none\"><img decoding=\"async\" width=\"510\" height=\"600\" title=\"esercito-italiano\" src=\"http:\/\/www.dentalmedicalart.com\/wp-content\/uploads\/2012\/12\/esercito-italiano.jpg\" alt class=\"img-responsive wp-image-1769\"\/><\/span><\/div><div class=\"fusion-clearfix\"><\/div><\/div><\/div><div class=\"fusion-layout-column fusion_builder_column fusion-builder-column-6 fusion_builder_column_1_3 1_3 fusion-one-third\" style=\"width:33.333333333333%;width:calc(33.333333333333% - ( ( 4% + 4% ) * 0.33333333333333 ) );margin-right: 4%;margin-top:0px;margin-bottom:20px;\"><div class=\"fusion-column-wrapper fusion-flex-column-wrapper-legacy\" style=\"background-position:left top;background-repeat:no-repeat;-webkit-background-size:cover;-moz-background-size:cover;-o-background-size:cover;background-size:cover;padding: 0px 0px 0px 0px;\"><div class=\"fusion-text fusion-text-7\"><p style=\"text-align: center;\"><strong>Agevolazioni per soci Cral del comune di Bolzano<\/strong><strong>\u00a0<\/strong><\/p>\n<\/div><div class=\"imageframe-align-center\"><span class=\" fusion-imageframe imageframe-none imageframe-6 hover-type-none\"><img decoding=\"async\" width=\"384\" height=\"401\" title=\"agevolazioni-convenzioni-cral\" src=\"http:\/\/www.dentalmedicalart.com\/wp-content\/uploads\/2012\/12\/cral_logo2.jpg\" alt class=\"img-responsive wp-image-1768\"\/><\/span><\/div><div class=\"fusion-clearfix\"><\/div><\/div><\/div><div class=\"fusion-layout-column fusion_builder_column fusion-builder-column-7 fusion_builder_column_1_3 1_3 fusion-one-third fusion-column-last\" style=\"width:33.333333333333%;width:calc(33.333333333333% - ( ( 4% + 4% ) * 0.33333333333333 ) );margin-top:0px;margin-bottom:20px;\"><div class=\"fusion-column-wrapper fusion-flex-column-wrapper-legacy\" style=\"background-position:left top;background-repeat:no-repeat;-webkit-background-size:cover;-moz-background-size:cover;-o-background-size:cover;background-size:cover;padding: 0px 0px 0px 0px;\"><div class=\"fusion-text fusion-text-8\"><p style=\"text-align: center;\"><strong>fai con comodo c&#8217;\u00e8 PAGODIL<\/strong><\/p>\n<\/div><div class=\"imageframe-align-center\"><span class=\" fusion-imageframe imageframe-none imageframe-7 hover-type-none\"><a href=\"http:\/\/www.dentalmedicalart.com\/wp-content\/uploads\/Pagodil-banner.jpg\" class=\"fusion-lightbox\" data-rel=\"iLightbox[d433415a60a48546a5e]\" data-title=\"Pagodil-banner\" title=\"Pagodil-banner\"><img decoding=\"async\" width=\"800\" height=\"1204\" src=\"http:\/\/www.dentalmedicalart.com\/wp-content\/uploads\/Pagodil-banner.jpg\" alt class=\"img-responsive wp-image-1777\" srcset=\"https:\/\/www.dentalmedicalart.com\/wp-content\/uploads\/Pagodil-banner-200x301.jpg 200w, https:\/\/www.dentalmedicalart.com\/wp-content\/uploads\/Pagodil-banner-400x602.jpg 400w, https:\/\/www.dentalmedicalart.com\/wp-content\/uploads\/Pagodil-banner-600x903.jpg 600w, https:\/\/www.dentalmedicalart.com\/wp-content\/uploads\/Pagodil-banner.jpg 800w\" sizes=\"(max-width: 800px) 100vw, 400px\" \/><\/a><\/span><\/div><div class=\"fusion-clearfix\"><\/div><\/div><\/div><div class=\"fusion-layout-column fusion_builder_column fusion-builder-column-8 fusion_builder_column_1_3 1_3 fusion-one-third fusion-column-first\" style=\"width:33.333333333333%;width:calc(33.333333333333% - ( ( 4% + 4% ) * 0.33333333333333 ) );margin-right: 4%;margin-top:0px;margin-bottom:20px;\"><div class=\"fusion-column-wrapper fusion-flex-column-wrapper-legacy\" style=\"background-position:left top;background-repeat:no-repeat;-webkit-background-size:cover;-moz-background-size:cover;-o-background-size:cover;background-size:cover;padding: 0px 0px 0px 0px;\"><div class=\"fusion-text fusion-text-9\"><p style=\"text-align: center;\"><strong>Agevolazioni per soci ANDI<\/strong><\/p>\n<\/div><div class=\"imageframe-align-center\"><span class=\" fusion-imageframe imageframe-none imageframe-8 hover-type-none\"><img decoding=\"async\" width=\"353\" height=\"148\" title=\"agevolazioni-convenzioni-andi-associazione-nazionale-dentisti\" src=\"http:\/\/www.dentalmedicalart.com\/wp-content\/uploads\/2012\/12\/andi_logo.jpg\" alt class=\"img-responsive wp-image-1766\"\/><\/span><\/div><div class=\"fusion-clearfix\"><\/div><\/div><\/div><div class=\"fusion-layout-column fusion_builder_column fusion-builder-column-9 fusion_builder_column_1_3 1_3 fusion-one-third\" style=\"width:33.333333333333%;width:calc(33.333333333333% - ( ( 4% + 4% ) * 0.33333333333333 ) );margin-right: 4%;margin-top:0px;margin-bottom:20px;\"><div class=\"fusion-column-wrapper fusion-flex-column-wrapper-legacy\" style=\"background-position:left top;background-repeat:no-repeat;-webkit-background-size:cover;-moz-background-size:cover;-o-background-size:cover;background-size:cover;padding: 0px 0px 0px 0px;\"><div class=\"fusion-text fusion-text-10\"><p style=\"text-align: center;\"><strong>Agevolazioni per soci Blue Assistance<\/strong><\/p>\n<\/div><div class=\"imageframe-align-center\"><span class=\" fusion-imageframe imageframe-none imageframe-9 hover-type-none\"><img decoding=\"async\" width=\"300\" height=\"230\" title=\"Blue-Assistance-HiRes-300&#215;230\" src=\"http:\/\/www.dentalmedicalart.com\/wp-content\/uploads\/2012\/12\/Blue-Assistance-HiRes-300x230.jpg\" alt class=\"img-responsive wp-image-1772\"\/><\/span><\/div><div class=\"fusion-clearfix\"><\/div><\/div><\/div><div class=\"fusion-layout-column fusion_builder_column fusion-builder-column-10 fusion_builder_column_1_3 1_3 fusion-one-third fusion-column-last\" style=\"width:33.333333333333%;width:calc(33.333333333333% - ( ( 4% + 4% ) * 0.33333333333333 ) );margin-top:0px;margin-bottom:20px;\"><div class=\"fusion-column-wrapper fusion-flex-column-wrapper-legacy\" style=\"background-position:left top;background-repeat:no-repeat;-webkit-background-size:cover;-moz-background-size:cover;-o-background-size:cover;background-size:cover;padding: 0px 0px 0px 0px;\"><div class=\"fusion-text fusion-text-11\"><p style=\"text-align: center;\"><strong>Agevolazioni per soci Pronto-Care<\/strong><\/p>\n<\/div><div class=\"imageframe-align-center\"><span class=\" fusion-imageframe imageframe-none imageframe-10 hover-type-none\"><img decoding=\"async\" width=\"226\" height=\"74\" title=\"logo-pronto-care\" src=\"http:\/\/www.dentalmedicalart.com\/wp-content\/uploads\/2012\/12\/logo-pronto-care.jpg\" alt class=\"img-responsive wp-image-1774\"\/><\/span><\/div><div class=\"fusion-clearfix\"><\/div><\/div><\/div><div class=\"fusion-layout-column fusion_builder_column fusion-builder-column-11 fusion_builder_column_1_3 1_3 fusion-one-third fusion-column-first\" style=\"width:33.333333333333%;width:calc(33.333333333333% - ( ( 4% + 4% ) * 0.33333333333333 ) );margin-right: 4%;margin-top:0px;margin-bottom:20px;\"><div class=\"fusion-column-wrapper fusion-flex-column-wrapper-legacy\" style=\"background-position:left top;background-repeat:no-repeat;-webkit-background-size:cover;-moz-background-size:cover;-o-background-size:cover;background-size:cover;padding: 0px 0px 0px 0px;\"><div class=\"fusion-text fusion-text-12\"><p style=\"text-align: center;\"><strong>Agevolazioni per soci Fasdac<\/strong><\/p>\n<\/div><div class=\"imageframe-align-center\"><span class=\" fusion-imageframe imageframe-none imageframe-11 hover-type-none\"><img decoding=\"async\" width=\"700\" height=\"350\" title=\"fasdac-logo\" src=\"http:\/\/www.dentalmedicalart.com\/wp-content\/uploads\/2012\/12\/fasdac-logo.png\" alt class=\"img-responsive wp-image-1763\"\/><\/span><\/div><div class=\"fusion-clearfix\"><\/div><\/div><\/div><div class=\"fusion-layout-column fusion_builder_column fusion-builder-column-12 fusion_builder_column_1_3 1_3 fusion-one-third\" style=\"width:33.333333333333%;width:calc(33.333333333333% - ( ( 4% + 4% ) * 0.33333333333333 ) );margin-right: 4%;margin-top:0px;margin-bottom:20px;\"><div class=\"fusion-column-wrapper fusion-flex-column-wrapper-legacy\" style=\"background-position:left top;background-repeat:no-repeat;-webkit-background-size:cover;-moz-background-size:cover;-o-background-size:cover;background-size:cover;padding: 0px 0px 0px 0px;\"><div class=\"fusion-text fusion-text-13\"><p style=\"text-align: center;\"><strong>Agevolazioni per soci Casagit<\/strong><\/p>\n<\/div><div class=\"imageframe-align-center\"><span class=\" fusion-imageframe imageframe-none imageframe-12 hover-type-none\"><img decoding=\"async\" width=\"305\" height=\"162\" title=\"casagit\" src=\"http:\/\/www.dentalmedicalart.com\/wp-content\/uploads\/2012\/12\/casagit.jpg\" alt class=\"img-responsive wp-image-1764\"\/><\/span><\/div><div class=\"fusion-clearfix\"><\/div><\/div><\/div><div class=\"fusion-layout-column fusion_builder_column fusion-builder-column-13 fusion_builder_column_1_3 1_3 fusion-one-third fusion-column-last\" style=\"width:33.333333333333%;width:calc(33.333333333333% - ( ( 4% + 4% ) * 0.33333333333333 ) );margin-top:0px;margin-bottom:20px;\"><div class=\"fusion-column-wrapper fusion-flex-column-wrapper-legacy\" style=\"background-position:left top;background-repeat:no-repeat;-webkit-background-size:cover;-moz-background-size:cover;-o-background-size:cover;background-size:cover;padding: 0px 0px 0px 0px;\"><div class=\"fusion-text fusion-text-14\"><p style=\"text-align: center;\"><strong>Agevolazioni per soci fondosalute<\/strong><\/p>\n<\/div><div class=\"imageframe-align-center\"><span class=\" fusion-imageframe imageframe-none imageframe-13 hover-type-none\"><img decoding=\"async\" width=\"192\" height=\"87\" title=\"logo_fondosalute\" src=\"http:\/\/www.dentalmedicalart.com\/wp-content\/uploads\/2012\/12\/logo_fondosalute.gif\" alt class=\"img-responsive wp-image-1759\"\/><\/span><\/div><div class=\"fusion-clearfix\"><\/div><\/div><\/div><div class=\"fusion-layout-column fusion_builder_column fusion-builder-column-14 fusion_builder_column_1_3 1_3 fusion-one-third fusion-column-first\" style=\"width:33.333333333333%;width:calc(33.333333333333% - ( ( 4% + 4% ) * 0.33333333333333 ) );margin-right: 4%;margin-top:0px;margin-bottom:20px;\"><div class=\"fusion-column-wrapper fusion-flex-column-wrapper-legacy\" style=\"background-position:left top;background-repeat:no-repeat;-webkit-background-size:cover;-moz-background-size:cover;-o-background-size:cover;background-size:cover;padding: 0px 0px 0px 0px;\"><div class=\"fusion-text fusion-text-15\"><p style=\"text-align: center;\"><strong>Agevolazioni per soci FASI<\/strong><\/p>\n<\/div><div class=\"imageframe-align-center\"><span class=\" fusion-imageframe imageframe-none imageframe-14 hover-type-none\"><img decoding=\"async\" width=\"1817\" height=\"672\" title=\"logo-FASI\" src=\"http:\/\/www.dentalmedicalart.com\/wp-content\/uploads\/2012\/12\/logo-FASI.gif\" alt class=\"img-responsive wp-image-1760\"\/><\/span><\/div><div class=\"fusion-clearfix\"><\/div><\/div><\/div><div class=\"fusion-layout-column fusion_builder_column fusion-builder-column-15 fusion_builder_column_1_3 1_3 fusion-one-third\" style=\"width:33.333333333333%;width:calc(33.333333333333% - ( ( 4% + 4% ) * 0.33333333333333 ) );margin-right: 4%;margin-top:0px;margin-bottom:20px;\"><div class=\"fusion-column-wrapper fusion-flex-column-wrapper-legacy\" style=\"background-position:left top;background-repeat:no-repeat;-webkit-background-size:cover;-moz-background-size:cover;-o-background-size:cover;background-size:cover;padding: 0px 0px 0px 0px;\"><div class=\"fusion-text fusion-text-16\"><p style=\"text-align: center;\"><strong>Agevolazioni per medicina privata<\/strong><\/p>\n<\/div><div class=\"imageframe-align-center\"><span class=\" fusion-imageframe imageframe-none imageframe-15 hover-type-none\"><img decoding=\"async\" width=\"350\" height=\"70\" title=\"Agevolazioni-per-medicina-privata_low\" src=\"http:\/\/www.dentalmedicalart.com\/wp-content\/uploads\/2012\/12\/Agevolazioni-per-medicina-privata_low.jpg\" alt class=\"img-responsive wp-image-1775\"\/><\/span><\/div><div class=\"fusion-clearfix\"><\/div><\/div><\/div><div class=\"fusion-layout-column fusion_builder_column fusion-builder-column-16 fusion_builder_column_1_3 1_3 fusion-one-third fusion-column-last\" style=\"width:33.333333333333%;width:calc(33.333333333333% - ( ( 4% + 4% ) * 0.33333333333333 ) );margin-top:0px;margin-bottom:20px;\"><div class=\"fusion-column-wrapper fusion-flex-column-wrapper-legacy\" style=\"background-position:left top;background-repeat:no-repeat;-webkit-background-size:cover;-moz-background-size:cover;-o-background-size:cover;background-size:cover;padding: 0px 0px 0px 0px;\"><div class=\"fusion-text fusion-text-17\"><p style=\"text-align: center;\"><strong>Agevolazioni per donatori AVIS<\/strong><\/p>\n<\/div><div class=\"imageframe-align-center\"><span class=\" fusion-imageframe imageframe-none imageframe-16 hover-type-none\"><img decoding=\"async\" width=\"2000\" height=\"1291\" title=\"Logo Avis\" src=\"http:\/\/www.dentalmedicalart.com\/wp-content\/uploads\/Logo-Avis.jpg\" alt class=\"img-responsive wp-image-1776\" srcset=\"https:\/\/www.dentalmedicalart.com\/wp-content\/uploads\/Logo-Avis-200x129.jpg 200w, https:\/\/www.dentalmedicalart.com\/wp-content\/uploads\/Logo-Avis-400x258.jpg 400w, https:\/\/www.dentalmedicalart.com\/wp-content\/uploads\/Logo-Avis-600x387.jpg 600w, https:\/\/www.dentalmedicalart.com\/wp-content\/uploads\/Logo-Avis-800x516.jpg 800w, https:\/\/www.dentalmedicalart.com\/wp-content\/uploads\/Logo-Avis-1200x775.jpg 1200w, https:\/\/www.dentalmedicalart.com\/wp-content\/uploads\/Logo-Avis.jpg 2000w\" sizes=\"(max-width: 800px) 100vw, 400px\" \/><\/span><\/div><div class=\"fusion-clearfix\"><\/div><\/div><\/div><div class=\"fusion-layout-column fusion_builder_column fusion-builder-column-17 fusion_builder_column_1_3 1_3 fusion-one-third fusion-column-first\" style=\"width:33.333333333333%;width:calc(33.333333333333% - ( ( 4% + 4% ) * 0.33333333333333 ) );margin-right: 4%;margin-top:0px;margin-bottom:20px;\"><div class=\"fusion-column-wrapper fusion-flex-column-wrapper-legacy\" style=\"background-position:left top;background-repeat:no-repeat;-webkit-background-size:cover;-moz-background-size:cover;-o-background-size:cover;background-size:cover;padding: 0px 0px 0px 0px;\"><div class=\"fusion-text fusion-text-18\"><p style=\"text-align: center;\"><strong>Agevolazioni per soci Cooperazione Salute<br \/>\n<\/strong><\/p>\n<\/div><div class=\"imageframe-align-center\"><span class=\" fusion-imageframe imageframe-none imageframe-17 hover-type-none\"><img decoding=\"async\" width=\"662\" height=\"156\" title=\"cooperazione-salute-logo\" src=\"https:\/\/www.dentalmedicalart.com\/wp-content\/uploads\/cooperazione-salute-logo.png\" alt class=\"img-responsive wp-image-1944\" srcset=\"https:\/\/www.dentalmedicalart.com\/wp-content\/uploads\/cooperazione-salute-logo-200x47.png 200w, https:\/\/www.dentalmedicalart.com\/wp-content\/uploads\/cooperazione-salute-logo-400x94.png 400w, https:\/\/www.dentalmedicalart.com\/wp-content\/uploads\/cooperazione-salute-logo-600x141.png 600w, https:\/\/www.dentalmedicalart.com\/wp-content\/uploads\/cooperazione-salute-logo.png 662w\" sizes=\"(max-width: 800px) 100vw, 400px\" \/><\/span><\/div><div class=\"fusion-clearfix\"><\/div><\/div><\/div><div class=\"fusion-layout-column fusion_builder_column fusion-builder-column-18 fusion_builder_column_1_3 1_3 fusion-one-third\" style=\"width:33.333333333333%;width:calc(33.333333333333% - ( ( 4% + 4% ) * 0.33333333333333 ) );margin-right: 4%;margin-top:0px;margin-bottom:20px;\"><div class=\"fusion-column-wrapper fusion-flex-column-wrapper-legacy\" style=\"background-position:left top;background-repeat:no-repeat;-webkit-background-size:cover;-moz-background-size:cover;-o-background-size:cover;background-size:cover;padding: 0px 0px 0px 0px;\"><div class=\"fusion-text fusion-text-19\"><p style=\"text-align: center;\"><strong>Agevolazioni per soci Odontonetwork<br \/>\n<\/strong><\/p>\n<\/div><div class=\"imageframe-align-center\"><span class=\" fusion-imageframe imageframe-none imageframe-18 hover-type-none\"><img decoding=\"async\" width=\"801\" height=\"282\" title=\"odonto-network-logo\" src=\"https:\/\/www.dentalmedicalart.com\/wp-content\/uploads\/odonto-network-logo.png\" alt class=\"img-responsive wp-image-1948\" srcset=\"https:\/\/www.dentalmedicalart.com\/wp-content\/uploads\/odonto-network-logo-200x70.png 200w, https:\/\/www.dentalmedicalart.com\/wp-content\/uploads\/odonto-network-logo-400x141.png 400w, https:\/\/www.dentalmedicalart.com\/wp-content\/uploads\/odonto-network-logo-600x211.png 600w, https:\/\/www.dentalmedicalart.com\/wp-content\/uploads\/odonto-network-logo.png 801w\" sizes=\"(max-width: 800px) 100vw, 400px\" \/><\/span><\/div><div class=\"fusion-clearfix\"><\/div><\/div><\/div><div class=\"fusion-layout-column fusion_builder_column fusion-builder-column-19 fusion_builder_column_1_3 1_3 fusion-one-third fusion-column-last\" style=\"width:33.333333333333%;width:calc(33.333333333333% - ( ( 4% + 4% ) * 0.33333333333333 ) );margin-top:0px;margin-bottom:20px;\"><div class=\"fusion-column-wrapper fusion-flex-column-wrapper-legacy\" style=\"background-position:left top;background-repeat:no-repeat;-webkit-background-size:cover;-moz-background-size:cover;-o-background-size:cover;background-size:cover;padding: 0px 0px 0px 0px;\"><div class=\"fusion-text fusion-text-20\"><p style=\"text-align: center;\"><strong>Agevolazioni per soci Cral Network<br \/>\n<\/strong><\/p>\n<\/div><div class=\"imageframe-align-center\"><span class=\" fusion-imageframe imageframe-none imageframe-19 hover-type-none\"><img decoding=\"async\" width=\"330\" height=\"252\" title=\"cral-network-logo\" src=\"https:\/\/www.dentalmedicalart.com\/wp-content\/uploads\/cral-network-logo.png\" alt class=\"img-responsive wp-image-1942\" srcset=\"https:\/\/www.dentalmedicalart.com\/wp-content\/uploads\/cral-network-logo-200x153.png 200w, https:\/\/www.dentalmedicalart.com\/wp-content\/uploads\/cral-network-logo.png 330w\" sizes=\"(max-width: 800px) 100vw, 330px\" \/><\/span><\/div><div class=\"fusion-clearfix\"><\/div><\/div><\/div><div class=\"fusion-layout-column fusion_builder_column fusion-builder-column-20 fusion_builder_column_1_1 1_1 fusion-one-full fusion-column-first fusion-column-last\" style=\"margin-top:0px;margin-bottom:20px;\"><div class=\"fusion-column-wrapper fusion-flex-column-wrapper-legacy\" style=\"background-position:left top;background-repeat:no-repeat;-webkit-background-size:cover;-moz-background-size:cover;-o-background-size:cover;background-size:cover;padding: 0px 0px 0px 0px;\"><div class=\"fusion-text fusion-text-21\"><p style=\"text-align: center;\">Diese Zahnarztpraxis nimmt an der Sensibilisierungskampagne ORAL CANCER DAY zur Mundkrebspr\u00e4vention teil, mit <strong>KOSTENLOSEN VISITEN VOM 20. MAI BIS 20. JUNI!<\/strong><\/p>\n<\/div><div class=\"fusion-clearfix\"><\/div><\/div><\/div><\/div><\/div>\n","protected":false},"excerpt":{"rendered":"","protected":false},"author":3,"featured_media":0,"parent":0,"menu_order":0,"comment_status":"open","ping_status":"closed","template":"","meta":[],"_links":{"self":[{"href":"https:\/\/www.dentalmedicalart.com\/de\/wp-json\/wp\/v2\/pages\/1383"}],"collection":[{"href":"https:\/\/www.dentalmedicalart.com\/de\/wp-json\/wp\/v2\/pages"}],"about":[{"href":"https:\/\/www.dentalmedicalart.com\/de\/wp-json\/wp\/v2\/types\/page"}],"author":[{"embeddable":true,"href":"https:\/\/www.dentalmedicalart.com\/de\/wp-json\/wp\/v2\/users\/3"}],"replies":[{"embeddable":true,"href":"https:\/\/www.dentalmedicalart.com\/de\/wp-json\/wp\/v2\/comments?post=1383"}],"version-history":[{"count":9,"href":"https:\/\/www.dentalmedicalart.com\/de\/wp-json\/wp\/v2\/pages\/1383\/revisions"}],"predecessor-version":[{"id":1958,"href":"https:\/\/www.dentalmedicalart.com\/de\/wp-json\/wp\/v2\/pages\/1383\/revisions\/1958"}],"wp:attachment":[{"href":"https:\/\/www.dentalmedicalart.com\/de\/wp-json\/wp\/v2\/media?parent=1383"}],"curies":[{"name":"wp","href":"https:\/\/api.w.org\/{rel}","templated":true}]}}